{"id":11,"date":"2023-05-29T23:47:56","date_gmt":"2023-05-29T22:47:56","guid":{"rendered":"https:\/\/novatech.hr\/?page_id=11"},"modified":"2025-03-07T13:42:09","modified_gmt":"2025-03-07T12:42:09","slug":"home","status":"publish","type":"page","link":"https:\/\/novatech-healthcare.si\/","title":{"rendered":"Home"},"content":{"rendered":"\t\t<div data-elementor-type=\"wp-page\" data-elementor-id=\"11\" class=\"elementor elementor-11\" data-elementor-post-type=\"page\">\n\t\t\t\t<div class=\"elementor-element elementor-element-3dcc7a5 e-flex e-con-boxed e-con e-parent\" data-id=\"3dcc7a5\" data-element_type=\"container\" data-e-type=\"container\">\n\t\t\t\t\t<div class=\"e-con-inner\">\n\t\t\t\t<div class=\"elementor-element elementor-element-0fd3316 elementor-widget elementor-widget-image\" data-id=\"0fd3316\" data-element_type=\"widget\" data-e-type=\"widget\" data-widget_type=\"image.default\">\n\t\t\t\t\t\t\t\t\t\t\t\t\t\t\t<img decoding=\"async\" src=\"https:\/\/novatech-healthcare.si\/wp-content\/uploads\/elementor\/thumbs\/exp331x70_Novatech-Healthcare-q8fqjc8dcn5oiir0k4dyqx8k9iikw9oxxi1vwtpvsc.webp\" title=\"exp331x70_Novatech-Healthcare\" alt=\"exp331x70_Novatech-Healthcare\" loading=\"lazy\" \/>\t\t\t\t\t\t\t\t\t\t\t\t\t\t\t<\/div>\n\t\t\t\t\t<\/div>\n\t\t\t\t<\/div>\n\t\t<div class=\"elementor-element elementor-element-91c7ac5 e-flex e-con-boxed e-con e-parent\" data-id=\"91c7ac5\" data-element_type=\"container\" data-e-type=\"container\">\n\t\t\t\t\t<div class=\"e-con-inner\">\n\t\t<div class=\"elementor-element elementor-element-0137e6e e-con-full e-flex e-con e-child\" data-id=\"0137e6e\" data-element_type=\"container\" data-e-type=\"container\">\n\t\t\t\t<div class=\"elementor-element elementor-element-3d9d962 elementor-widget elementor-widget-image\" data-id=\"3d9d962\" data-element_type=\"widget\" data-e-type=\"widget\" data-widget_type=\"image.default\">\n\t\t\t\t\t\t\t\t\t\t\t\t\t\t\t<img fetchpriority=\"high\" decoding=\"async\" width=\"450\" height=\"414\" src=\"https:\/\/novatech-healthcare.si\/wp-content\/uploads\/2023\/06\/Hologic_3Dimensions_v2.webp\" class=\"attachment-large size-large wp-image-139\" alt=\"\" srcset=\"https:\/\/novatech-healthcare.si\/wp-content\/uploads\/2023\/06\/Hologic_3Dimensions_v2.webp 450w, https:\/\/novatech-healthcare.si\/wp-content\/uploads\/2023\/06\/Hologic_3Dimensions_v2-300x276.webp 300w\" sizes=\"(max-width: 450px) 100vw, 450px\" \/>\t\t\t\t\t\t\t\t\t\t\t\t\t\t\t<\/div>\n\t\t\t\t<\/div>\n\t\t<div class=\"elementor-element elementor-element-3fd66f5 e-con-full e-flex e-con e-child\" data-id=\"3fd66f5\" data-element_type=\"container\" data-e-type=\"container\">\n\t\t\t\t<div class=\"elementor-element elementor-element-8f2bfaa elementor-widget elementor-widget-text-editor\" data-id=\"8f2bfaa\" data-element_type=\"widget\" data-e-type=\"widget\" data-widget_type=\"text-editor.default\">\n\t\t\t\t\t\t\t\t\tNa\u0161e re\u0161itve za zdravje dojk in kosti, ki re\u0161ujejo \u017eivljenja, omogo\u010dajo zgodnje odkrivanje, natan\u010dnej\u0161o diagnozo in pravo\u010dasno zdravljenje, da se pacientom zagotovi najbolj\u0161a mo\u017ena oskrba, ko jo najbolj potrebujejo.\t\t\t\t\t\t\t\t<\/div>\n\t\t\t\t<\/div>\n\t\t\t\t\t<\/div>\n\t\t\t\t<\/div>\n\t\t<div class=\"elementor-element elementor-element-bb85dbb e-flex e-con-boxed e-con e-parent\" data-id=\"bb85dbb\" data-element_type=\"container\" data-e-type=\"container\">\n\t\t\t\t\t<div class=\"e-con-inner\">\n\t\t\t\t<div class=\"elementor-element elementor-element-9efb40a elementor-widget elementor-widget-image-carousel\" data-id=\"9efb40a\" data-element_type=\"widget\" data-e-type=\"widget\" data-settings=\"{&quot;slides_to_show&quot;:&quot;4&quot;,&quot;navigation&quot;:&quot;none&quot;,&quot;pause_on_hover&quot;:&quot;no&quot;,&quot;pause_on_interaction&quot;:&quot;no&quot;,&quot;autoplay&quot;:&quot;yes&quot;,&quot;autoplay_speed&quot;:5000,&quot;infinite&quot;:&quot;yes&quot;,&quot;speed&quot;:500}\" data-widget_type=\"image-carousel.default\">\n\t\t\t\t\t\t\t<div class=\"elementor-image-carousel-wrapper swiper\" role=\"region\" aria-roledescription=\"carousel\" aria-label=\"Image Carousel\" dir=\"ltr\">\n\t\t\t<div class=\"elementor-image-carousel swiper-wrapper\" aria-live=\"off\">\n\t\t\t\t\t\t\t\t<div class=\"swiper-slide\" role=\"group\" aria-roledescription=\"slide\" aria-label=\"1 of 8\"><figure class=\"swiper-slide-inner\"><img decoding=\"async\" class=\"swiper-slide-image\" src=\"https:\/\/novatech-healthcare.si\/wp-content\/uploads\/2023\/05\/exp220x160_BrainProducts.webp\" alt=\"exp220x160_BrainProducts\" \/><\/figure><\/div><div class=\"swiper-slide\" role=\"group\" aria-roledescription=\"slide\" aria-label=\"2 of 8\"><figure class=\"swiper-slide-inner\"><img decoding=\"async\" class=\"swiper-slide-image\" src=\"https:\/\/novatech-healthcare.si\/wp-content\/uploads\/2023\/05\/exp220x160_Civco.webp\" alt=\"exp220x160_Civco\" \/><\/figure><\/div><div class=\"swiper-slide\" role=\"group\" aria-roledescription=\"slide\" aria-label=\"3 of 8\"><figure class=\"swiper-slide-inner\"><img decoding=\"async\" class=\"swiper-slide-image\" src=\"https:\/\/novatech-healthcare.si\/wp-content\/uploads\/2023\/05\/exp220x160_CompumedicsDWL.webp\" alt=\"exp220x160_CompumedicsDWL\" \/><\/figure><\/div><div class=\"swiper-slide\" role=\"group\" aria-roledescription=\"slide\" aria-label=\"4 of 8\"><figure class=\"swiper-slide-inner\"><img decoding=\"async\" class=\"swiper-slide-image\" src=\"https:\/\/novatech-healthcare.si\/wp-content\/uploads\/2023\/05\/exp220x160_DRGEM.webp\" alt=\"exp220x160_DRGEM\" \/><\/figure><\/div><div class=\"swiper-slide\" role=\"group\" aria-roledescription=\"slide\" aria-label=\"5 of 8\"><figure class=\"swiper-slide-inner\"><img decoding=\"async\" class=\"swiper-slide-image\" src=\"https:\/\/novatech-healthcare.si\/wp-content\/uploads\/2023\/05\/exp220x160_Genoray.webp\" alt=\"exp220x160_Genoray\" \/><\/figure><\/div><div class=\"swiper-slide\" role=\"group\" aria-roledescription=\"slide\" aria-label=\"6 of 8\"><figure class=\"swiper-slide-inner\"><img decoding=\"async\" class=\"swiper-slide-image\" src=\"https:\/\/novatech-healthcare.si\/wp-content\/uploads\/2023\/05\/exp220x160_Hologic.webp\" alt=\"exp220x160_Hologic\" \/><\/figure><\/div><div class=\"swiper-slide\" role=\"group\" aria-roledescription=\"slide\" aria-label=\"7 of 8\"><figure class=\"swiper-slide-inner\"><img decoding=\"async\" class=\"swiper-slide-image\" src=\"https:\/\/novatech-healthcare.si\/wp-content\/uploads\/2023\/05\/exp220x160_Medoc.webp\" alt=\"exp220x160_Medoc\" \/><\/figure><\/div><div class=\"swiper-slide\" role=\"group\" aria-roledescription=\"slide\" aria-label=\"8 of 8\"><figure class=\"swiper-slide-inner\"><img decoding=\"async\" class=\"swiper-slide-image\" src=\"https:\/\/novatech-healthcare.si\/wp-content\/uploads\/2023\/05\/exp220x160_Viasonix.webp\" alt=\"exp220x160_Viasonix\" \/><\/figure><\/div>\t\t\t<\/div>\n\t\t\t\t\t\t\t\n\t\t\t\t\t\t\t\t\t<\/div>\n\t\t\t\t\t\t<\/div>\n\t\t\t\t\t<\/div>\n\t\t\t\t<\/div>\n\t\t\t\t<\/div>\n\t\t","protected":false},"excerpt":{"rendered":"<p>Na\u0161e re\u0161itve za zdravje dojk in kosti, ki re\u0161ujejo \u017eivljenja, omogo\u010dajo zgodnje odkrivanje, natan\u010dnej\u0161o diagnozo in pravo\u010dasno zdravljenje, da se pacientom zagotovi najbolj\u0161a mo\u017ena oskrba, ko jo najbolj potrebujejo.<\/p>\n","protected":false},"author":1,"featured_media":110,"parent":0,"menu_order":0,"comment_status":"closed","ping_status":"closed","template":"","meta":{"inline_featured_image":false,"footnotes":""},"class_list":["post-11","page","type-page","status-publish","has-post-thumbnail","hentry"],"_links":{"self":[{"href":"https:\/\/novatech-healthcare.si\/index.php?rest_route=\/wp\/v2\/pages\/11","targetHints":{"allow":["GET"]}}],"collection":[{"href":"https:\/\/novatech-healthcare.si\/index.php?rest_route=\/wp\/v2\/pages"}],"about":[{"href":"https:\/\/novatech-healthcare.si\/index.php?rest_route=\/wp\/v2\/types\/page"}],"author":[{"embeddable":true,"href":"https:\/\/novatech-healthcare.si\/index.php?rest_route=\/wp\/v2\/users\/1"}],"replies":[{"embeddable":true,"href":"https:\/\/novatech-healthcare.si\/index.php?rest_route=%2Fwp%2Fv2%2Fcomments&post=11"}],"version-history":[{"count":40,"href":"https:\/\/novatech-healthcare.si\/index.php?rest_route=\/wp\/v2\/pages\/11\/revisions"}],"predecessor-version":[{"id":153,"href":"https:\/\/novatech-healthcare.si\/index.php?rest_route=\/wp\/v2\/pages\/11\/revisions\/153"}],"wp:featuredmedia":[{"embeddable":true,"href":"https:\/\/novatech-healthcare.si\/index.php?rest_route=\/wp\/v2\/media\/110"}],"wp:attachment":[{"href":"https:\/\/novatech-healthcare.si\/index.php?rest_route=%2Fwp%2Fv2%2Fmedia&parent=11"}],"curies":[{"name":"wp","href":"https:\/\/api.w.org\/{rel}","templated":true}]}}